{"id":14,"date":"2026-03-25T13:11:57","date_gmt":"2026-03-25T12:11:57","guid":{"rendered":"http:\/\/elianbiotech.com\/?page_id=14"},"modified":"2026-04-13T07:26:35","modified_gmt":"2026-04-13T05:26:35","slug":"contacto","status":"publish","type":"page","link":"https:\/\/elianbiotech.com\/en\/contacto\/","title":{"rendered":"Contacto"},"content":{"rendered":"<div data-elementor-type=\"wp-page\" data-elementor-id=\"14\" class=\"elementor elementor-14\" data-elementor-post-type=\"page\">\n\t\t\t\t<div class=\"elementor-element elementor-element-5631104 e-flex e-con-boxed e-con e-parent\" data-id=\"5631104\" data-element_type=\"container\" data-e-type=\"container\" data-settings=\"{&quot;background_background&quot;:&quot;classic&quot;}\">\n\t\t\t\t\t<div class=\"e-con-inner\">\n\t\t\t\t<div class=\"elementor-element elementor-element-43ba17d elementor-view-default elementor-widget elementor-widget-icon\" data-id=\"43ba17d\" data-element_type=\"widget\" data-e-type=\"widget\" data-widget_type=\"icon.default\">\n\t\t\t\t\t\t\t<div class=\"elementor-icon-wrapper\">\n\t\t\t<div class=\"elementor-icon\">\n\t\t\t<svg xmlns=\"http:\/\/www.w3.org\/2000\/svg\" id=\"Capa_1\" viewbox=\"0 0 1080.7 1080.7\"><defs><style>      .st0 {        fill: #fff;      }      .st1 {        fill: #437d70;      }    <\/style><\/defs><circle class=\"st0\" cx=\"540.4\" cy=\"540.4\" r=\"540.4\"><\/circle><g><path class=\"st1\" d=\"M520.7,944.2c-12.9,10.7-22.5,26.1-43.9,19.7-12.1-3.7-21.4-13.6-24.4-27.7-20.6,8.1-41.2-4.8-46-26.7-11.8,1.2-22.7.1-31.8-7.6-8.5-7.2-13-17.1-12.6-29.7-16.4,1.5-28.9-7.8-34.7-20.3-6.3-13.7-1.7-28,9.6-38.5-24.6-22.2-48.9-42.1-70.7-66.7-58.1-65.5-94.5-146.2-100-233.7-9.6-152.3,76.4-296.5,213.1-361.1,162.8-77,354.7-29.3,462.2,115.1,44.7,60.1,70.3,133.1,73.2,209.4,4.4,116.4-49.7,223.2-134.2,301.9l-42.5,39.6c5.2,12.5,8.1,26.9.2,38.7-7.3,10.9-19.4,18.4-34.2,17.1.3,12.6-4.3,23.3-12.3,30.7s-21.8,10-34.8,7.2c-1.5,13.7-9,25-20.4,30.6-13.5,6.6-26.7,3.8-39.6-5.7-2.7,11.6-9.9,21.1-18.5,25.1-11.7,5.4-24.6,4.8-35-2.1l-22.9-15.3ZM746.3,573.6c15.6-21.7,32.2-4,43.4-5.6,16.4-26.2,26-54.9,27.4-86.2l-17.5-6.1c-7.6-2.7-15-11-14.8-19.9l1.1-48.9c.2-9.8,7.6-18.3,17.4-20.1,34.6-6.2,61.5,18.2,67.6,52.3,8.9,50.4-1,101-25.3,145.9-12.2,22.4-26.8,42.5-46.9,57.5s-59.6,14.8-79.8-8.1l-18.8,9.9,76.6,117.5c59.1-52.5,99.7-122.1,116.1-200.3,24.2-114.9-11.3-235.8-92.1-320.1-100.2-104.6-252.4-138.7-387.8-87.2-31,11.8-59.4,26.8-86.4,46.8-108.8,80.7-164.3,217.5-140.3,351.6,14.9,83.3,58.8,157.7,122,215.6l83.2-129.4c-59.4-36.6-95.2-103.7-91.5-174.9,3.7-71.1,41.2-135.9,95.5-175.6,60.9-44.6,136.7-57.3,207-35.9,100.4,30.5,168.8,122.9,168,227.2,0,4-5,8-7.8,8.1s-7.6-4.1-7.6-7.7c1.1-117.8-89.6-214.4-205.4-222.2-115.4-7.8-218.1,76-233.2,192.2-9.2,71.1,22.6,140.8,84.9,178.1,24.8,6.3,100.3,5.4,125.8,3.2,11.3-1,27.7-18.6,63.1-12.7,31.2,5.2,61.8,12,93.5,14.3,18.1,1.3,30.8-14.7,39.6-26.9l23.2-32.2ZM756.3,584.1l-26.2,37.5c3.4,10.8,14.9,16.4,25.3,17.5,16.7,1.9,31.6-3.9,43.9-16.5,47.1-47.9,68.7-118.8,56-184.9-5.1-26.5-28.5-43-53.9-36l-1.3,58.8c13,5.7,32.2,4.1,31.3,25.2-1.4,31-11.7,59.6-26.8,86.4-16.5,29.1-34.8-7.6-48.4,11.9ZM674.4,736.2c-.4,2.4-4.2,7.3-7,7.6l-25.1,2.4c6,5.2,12.1,10.3,18.8,15.2l64.3,46.8c15.2-10.4,27.6-21.3,40.3-36.4l-80.7-123.5c-32.1-3.8-62-8.7-93.1-14.8s-32.6-1.3-47.6,6.9l-34.6,15.2c-11.1,4.9-17.8,13.1-25,22.5l-36.8,48.4c13.1,12.6,30.9,11.1,45.4,1.9,28.3-18,10.8-31.2,70.4-40.5l37.1,27.5c38.2,28.3,76,3.8,73.4,20.8ZM653.7,891.8c10.8,8,22.6,9.4,30.9-.9,6.9-8.6,5.7-21.6-4-28.9l-65.6-49.2c-2.4-1.8-3-8.6-1.5-10.5,1.5-1.9,7.7-2.5,9.6-1.1l73.8,54.4c9.7,7.2,23.5,2.7,28.9-6.6,5.3-9,2.6-20.7-6.5-27.4l-45.1-32.7-114.2-85.6-29.7,8.7c-10.3,12.2-19.5,23.4-32.9,31.2-30.7,17.8-62.1-2.7-63.8-11.4-.6-3.1.8-10.7,2.7-13.2l34.3-46.2c7-9.4,13.7-16.9,22.5-25.5-31.7-.3-54.4,2.3-88.6-2.2l-85.4,134.3,28.2,23.4c11-12.3,22.1-18.6,36.9-14.8,10.6,2.7,21.4,12.6,24.4,26,10.8-11.7,25-17.9,39.3-12.1,14.5,5.9,21.8,19.3,21.5,35.1,12.1,0,22,5.4,28.3,12.4,8.4,9.3,7.5,20.9,6.7,32.3,8.7,3.7,19.8,10.2,23.9,17.2,6.9,11.8,5.1,22.2,1.5,34.2,12.9,9.9,35.4,28.6,48.6,10.2,3.9-5.4,5.1-16.6-1.1-21.4l-29.2-22.7c-2-1.6,1.2-9,3.5-9.5s6.9-.3,8.5.9l48,36c9.9,7.4,23.2,6.3,29.7-3.3,7-10.3,3.6-22.4-6.1-29.6l-49.8-36.6c-3.4-2.5-3.1-9.3.3-11.7s6.9-1.1,9.8,1.1l61.5,45.8ZM367.2,855.3c16.1-14,36.6-30.3,22.4-47.4-5.3-6.5-17.4-9.5-24.2-2.7l-19.9,19.7c-7,6.9-7.7,17.2-2,25.4,3.7,5.4,15.9,11.6,23.6,5ZM404,892.7c14.5-12.6,26.6-27.3,40.3-41.1,9.1-9.1,14.9-22.5,4-33.1-6.2-6-18.5-6-24.8.6l-40.5,43.1c-6.9,7.4-7.4,16.5-2.7,24.1,4,6.5,16.3,12.7,23.6,6.4ZM452.9,917.8l30.5-32.9c7.8-8.5,9.6-21,.7-28.8-7.3-6.5-19-5.2-26.6,2.9l-31.4,33.9c-7.4,8-6.1,19.7.8,25.9,7.5,6.7,18.4,7.3,26-.9ZM515.4,926c6.1-9.3,1.8-22.3-6.4-26.2-9.6-4.6-18.4-1.5-25.8,7-4.9,5.6-11.9,11.6-14.3,18.5-2.7,8,.5,16.7,5.9,21.3,15.1,12.7,33.1-9.4,40.4-20.5Z\"><\/path><path class=\"st1\" d=\"M490.4,563.4c-13,13.4-61.2,28.9-66.9,16.7-4.5-9.5,18.2-18.8,18-42.8-39.8-37.1-43.2-98.4-8.4-140.2,24.3-29.3,60.2-43,98.2-37.4,30.8-39.2,84.9-45.4,121.4-13.9,36.7,31.7,40.1,86.8,5.3,122.1-.5,20.6,16.2,26,15.4,34.6-1.4,14.6-47.8-.8-57.8-10.3-17.9,52.9-67,84.5-125.2,71.3ZM649.2,492.6c-4.1-12-8.2-21.8-5.2-30.3,30-27.1,31.5-72.9,3.7-101.3-27.3-27.8-72.8-27.8-100.3,2.6,48.3,16.6,76.9,62.4,71.1,112.5,9.9,8.5,20.6,13.4,30.8,16.5ZM446.6,567.1c16.5-1.8,28.4-10.3,40.8-19.1,37,10.3,73.9,0,97.6-29.4,22.3-27.6,26.3-66.6,8.3-99.3-17-30.8-50.5-48.8-88.1-45.6-35.2,3-64.9,28.3-75.8,59-12.8,36.3-1.5,72.4,25.3,98.4,3.6,11.6-1.6,26.6-8.1,35.9Z\"><\/path><\/g><\/svg>\t\t\t<\/div>\n\t\t<\/div>\n\t\t\t\t\t\t<\/div>\n\t\t\t\t<div class=\"elementor-element elementor-element-8fed7ec elementor-widget elementor-widget-heading\" data-id=\"8fed7ec\" data-element_type=\"widget\" data-e-type=\"widget\" data-widget_type=\"heading.default\">\n\t\t\t\t\t<h3 class=\"elementor-heading-title elementor-size-default\">Soporte T\u00e9cnico y Comercial<\/h3>\t\t\t\t<\/div>\n\t\t\t\t<div class=\"elementor-element elementor-element-1f9b749 elementor-widget-divider--view-line elementor-widget elementor-widget-divider\" data-id=\"1f9b749\" data-element_type=\"widget\" data-e-type=\"widget\" data-widget_type=\"divider.default\">\n\t\t\t\t\t\t\t<div class=\"elementor-divider\">\n\t\t\t<span class=\"elementor-divider-separator\">\n\t\t\t\t\t\t<\/span>\n\t\t<\/div>\n\t\t\t\t\t\t<\/div>\n\t\t\t\t<div class=\"elementor-element elementor-element-d080f18 elementor-widget elementor-widget-text-editor\" data-id=\"d080f18\" data-element_type=\"widget\" data-e-type=\"widget\" data-widget_type=\"text-editor.default\">\n\t\t\t\t\t\t\t\t\t<p>Estamos a su disposici\u00f3n para resolver cualquier duda sobre fermentaci\u00f3n, bioprotecci\u00f3n o log\u00edstica de cultivos.<\/p><p><em>Proveedor de fermentos l\u00e1cteos Espa\u00f1a.<\/em><\/p>\t\t\t\t\t\t\t\t<\/div>\n\t\t<div class=\"elementor-element elementor-element-d1ee2c0 e-con-full e-flex e-con e-child\" data-id=\"d1ee2c0\" data-element_type=\"container\" data-e-type=\"container\">\n\t\t\t\t<div class=\"elementor-element elementor-element-50bbe6d elementor-icon-list--layout-inline elementor-align-center elementor-mobile-align-start elementor-list-item-link-full_width elementor-widget elementor-widget-icon-list\" data-id=\"50bbe6d\" data-element_type=\"widget\" data-e-type=\"widget\" data-widget_type=\"icon-list.default\">\n\t\t\t\t\t\t\t<ul class=\"elementor-icon-list-items elementor-inline-items\">\n\t\t\t\t\t\t\t<li class=\"elementor-icon-list-item elementor-inline-item\">\n\t\t\t\t\t\t\t\t\t\t\t<a href=\"\">\n\n\t\t\t\t\t\t\t\t\t\t\t\t<span class=\"elementor-icon-list-icon\">\n\t\t\t\t\t\t\t<svg aria-hidden=\"true\" class=\"e-font-icon-svg e-far-comments\" viewbox=\"0 0 576 512\" xmlns=\"http:\/\/www.w3.org\/2000\/svg\"><path d=\"M532 386.2c27.5-27.1 44-61.1 44-98.2 0-80-76.5-146.1-176.2-157.9C368.3 72.5 294.3 32 208 32 93.1 32 0 103.6 0 192c0 37 16.5 71 44 98.2-15.3 30.7-37.3 54.5-37.7 54.9-6.3 6.7-8.1 16.5-4.4 25 3.6 8.5 12 14 21.2 14 53.5 0 96.7-20.2 125.2-38.8 9.2 2.1 18.7 3.7 28.4 4.9C208.1 407.6 281.8 448 368 448c20.8 0 40.8-2.4 59.8-6.8C456.3 459.7 499.4 480 553 480c9.2 0 17.5-5.5 21.2-14 3.6-8.5 1.9-18.3-4.4-25-.4-.3-22.5-24.1-37.8-54.8zm-392.8-92.3L122.1 305c-14.1 9.1-28.5 16.3-43.1 21.4 2.7-4.7 5.4-9.7 8-14.8l15.5-31.1L77.7 256C64.2 242.6 48 220.7 48 192c0-60.7 73.3-112 160-112s160 51.3 160 112-73.3 112-160 112c-16.5 0-33-1.9-49-5.6l-19.8-4.5zM498.3 352l-24.7 24.4 15.5 31.1c2.6 5.1 5.3 10.1 8 14.8-14.6-5.1-29-12.3-43.1-21.4l-17.1-11.1-19.9 4.6c-16 3.7-32.5 5.6-49 5.6-54 0-102.2-20.1-131.3-49.7C338 339.5 416 272.9 416 192c0-3.4-.4-6.7-.7-10C479.7 196.5 528 238.8 528 288c0 28.7-16.2 50.6-29.7 64z\"><\/path><\/svg>\t\t\t\t\t\t<\/span>\n\t\t\t\t\t\t\t\t\t\t<span class=\"elementor-icon-list-text\">626 844 378<\/span>\n\t\t\t\t\t\t\t\t\t\t\t<\/a>\n\t\t\t\t\t\t\t\t\t<\/li>\n\t\t\t\t\t\t\t\t<li class=\"elementor-icon-list-item elementor-inline-item\">\n\t\t\t\t\t\t\t\t\t\t\t<a href=\"mailto:elian@elianbiotech.com\">\n\n\t\t\t\t\t\t\t\t\t\t\t\t<span class=\"elementor-icon-list-icon\">\n\t\t\t\t\t\t\t<svg aria-hidden=\"true\" class=\"e-font-icon-svg e-far-envelope\" viewbox=\"0 0 512 512\" xmlns=\"http:\/\/www.w3.org\/2000\/svg\"><path d=\"M464 64H48C21.49 64 0 85.49 0 112v288c0 26.51 21.49 48 48 48h416c26.51 0 48-21.49 48-48V112c0-26.51-21.49-48-48-48zm0 48v40.805c-22.422 18.259-58.168 46.651-134.587 106.49-16.841 13.247-50.201 45.072-73.413 44.701-23.208.375-56.579-31.459-73.413-44.701C106.18 199.465 70.425 171.067 48 152.805V112h416zM48 400V214.398c22.914 18.251 55.409 43.862 104.938 82.646 21.857 17.205 60.134 55.186 103.062 54.955 42.717.231 80.509-37.199 103.053-54.947 49.528-38.783 82.032-64.401 104.947-82.653V400H48z\"><\/path><\/svg>\t\t\t\t\t\t<\/span>\n\t\t\t\t\t\t\t\t\t\t<span class=\"elementor-icon-list-text\">elian@elianbiotech.com<\/span>\n\t\t\t\t\t\t\t\t\t\t\t<\/a>\n\t\t\t\t\t\t\t\t\t<\/li>\n\t\t\t\t\t\t\t\t<li class=\"elementor-icon-list-item elementor-inline-item\">\n\t\t\t\t\t\t\t\t\t\t\t<a href=\"https:\/\/maps.app.goo.gl\/rNdSu9gyrWv5DBBg6\" target=\"_blank\" rel=\"noopener\">\n\n\t\t\t\t\t\t\t\t\t\t\t\t<span class=\"elementor-icon-list-icon\">\n\t\t\t\t\t\t\t<svg aria-hidden=\"true\" class=\"e-font-icon-svg e-fas-map-marker-alt\" viewbox=\"0 0 384 512\" xmlns=\"http:\/\/www.w3.org\/2000\/svg\"><path d=\"M172.268 501.67C26.97 291.031 0 269.413 0 192 0 85.961 85.961 0 192 0s192 85.961 192 192c0 77.413-26.97 99.031-172.268 309.67-9.535 13.774-29.93 13.773-39.464 0zM192 272c44.183 0 80-35.817 80-80s-35.817-80-80-80-80 35.817-80 80 35.817 80 80 80z\"><\/path><\/svg>\t\t\t\t\t\t<\/span>\n\t\t\t\t\t\t\t\t\t\t<span class=\"elementor-icon-list-text\">Calle Rio Umia 13A, Caeira, Poio, Pontevedra.<\/span>\n\t\t\t\t\t\t\t\t\t\t\t<\/a>\n\t\t\t\t\t\t\t\t\t<\/li>\n\t\t\t\t\t\t<\/ul>\n\t\t\t\t\t\t<\/div>\n\t\t\t\t<div class=\"elementor-element elementor-element-73e7adc elementor-widget elementor-widget-google_maps\" data-id=\"73e7adc\" data-element_type=\"widget\" data-e-type=\"widget\" data-widget_type=\"google_maps.default\">\n\t\t\t\t\t\t\t<div class=\"elementor-custom-embed\">\n\t\t\t<iframe loading=\"lazy\"\n\t\t\t\t\tsrc=\"https:\/\/maps.google.com\/maps?q=R%C3%BAa%20R%C3%ADo%20Umia%2C%2013%2C%20pontevedra&#038;t=m&#038;z=15&#038;output=embed&#038;iwloc=near\"\n\t\t\t\t\ttitle=\"R\u00faa R\u00edo Umia, 13, pontevedra\"\n\t\t\t\t\taria-label=\"R\u00faa R\u00edo Umia, 13, pontevedra\"\n\t\t\t><\/iframe>\n\t\t<\/div>\n\t\t\t\t\t\t<\/div>\n\t\t\t\t<\/div>\n\t\t\t\t\t<\/div>\n\t\t\t\t<\/div>\n\t\t<div class=\"elementor-element elementor-element-61cbfae e-flex e-con-boxed e-con e-parent\" data-id=\"61cbfae\" data-element_type=\"container\" data-e-type=\"container\">\n\t\t\t\t\t<div class=\"e-con-inner\">\n\t\t\t\t<div class=\"elementor-element elementor-element-e3c2fbe elementor-widget elementor-widget-spacer\" data-id=\"e3c2fbe\" data-element_type=\"widget\" data-e-type=\"widget\" data-widget_type=\"spacer.default\">\n\t\t\t\t\t\t\t<div class=\"elementor-spacer\">\n\t\t\t<div class=\"elementor-spacer-inner\"><\/div>\n\t\t<\/div>\n\t\t\t\t\t\t<\/div>\n\t\t\t\t\t<\/div>\n\t\t\t\t<\/div>\n\t\t\t\t<\/div>","protected":false},"excerpt":{"rendered":"<p>Soporte T\u00e9cnico y Comercial Estamos a su disposici\u00f3n para resolver cualquier duda sobre fermentaci\u00f3n, bioprotecci\u00f3n o log\u00edstica de cultivos. Proveedor de fermentos l\u00e1cteos Espa\u00f1a. 626 844 378 elian@elianbiotech.com Calle Rio Umia 13A, Caeira, Poio, Pontevedra.<\/p>","protected":false},"author":1,"featured_media":0,"parent":0,"menu_order":0,"comment_status":"closed","ping_status":"closed","template":"","meta":{"footnotes":""},"class_list":["post-14","page","type-page","status-publish","hentry"],"_links":{"self":[{"href":"https:\/\/elianbiotech.com\/en\/wp-json\/wp\/v2\/pages\/14","targetHints":{"allow":["GET"]}}],"collection":[{"href":"https:\/\/elianbiotech.com\/en\/wp-json\/wp\/v2\/pages"}],"about":[{"href":"https:\/\/elianbiotech.com\/en\/wp-json\/wp\/v2\/types\/page"}],"author":[{"embeddable":true,"href":"https:\/\/elianbiotech.com\/en\/wp-json\/wp\/v2\/users\/1"}],"replies":[{"embeddable":true,"href":"https:\/\/elianbiotech.com\/en\/wp-json\/wp\/v2\/comments?post=14"}],"version-history":[{"count":29,"href":"https:\/\/elianbiotech.com\/en\/wp-json\/wp\/v2\/pages\/14\/revisions"}],"predecessor-version":[{"id":194,"href":"https:\/\/elianbiotech.com\/en\/wp-json\/wp\/v2\/pages\/14\/revisions\/194"}],"wp:attachment":[{"href":"https:\/\/elianbiotech.com\/en\/wp-json\/wp\/v2\/media?parent=14"}],"curies":[{"name":"wp","href":"https:\/\/api.w.org\/{rel}","templated":true}]}}