{"id":19,"date":"2026-03-25T13:12:36","date_gmt":"2026-03-25T12:12:36","guid":{"rendered":"http:\/\/elianbiotech.com\/?page_id=19"},"modified":"2026-04-07T08:45:34","modified_gmt":"2026-04-07T06:45:34","slug":"nosotros","status":"publish","type":"page","link":"https:\/\/elianbiotech.com\/en\/nosotros\/","title":{"rendered":"Nosotros"},"content":{"rendered":"<div data-elementor-type=\"wp-page\" data-elementor-id=\"19\" class=\"elementor elementor-19\" data-elementor-post-type=\"page\">\n\t\t\t\t<div class=\"elementor-element elementor-element-565abd3 e-flex e-con-boxed e-con e-parent\" data-id=\"565abd3\" data-element_type=\"container\" data-e-type=\"container\" data-settings=\"{&quot;background_background&quot;:&quot;classic&quot;}\">\n\t\t\t\t\t<div class=\"e-con-inner\">\n\t\t\t\t<div class=\"elementor-element elementor-element-2172fa5 elementor-widget elementor-widget-heading\" data-id=\"2172fa5\" data-element_type=\"widget\" data-e-type=\"widget\" data-widget_type=\"heading.default\">\n\t\t\t\t\t<h1 class=\"elementor-heading-title elementor-size-default\">Innovaci\u00f3n y Distribuidor Igea Cultures Espa\u00f1a<\/h1>\t\t\t\t<\/div>\n\t\t\t\t<div class=\"elementor-element elementor-element-013a839 elementor-widget elementor-widget-heading\" data-id=\"013a839\" data-element_type=\"widget\" data-e-type=\"widget\" data-widget_type=\"heading.default\">\n\t\t\t\t\t<h2 class=\"elementor-heading-title elementor-size-default\">El Nexo entre la Ciencia Italiana y la Tradici\u00f3n L\u00e1ctea Espa\u00f1ola.<\/h2>\t\t\t\t<\/div>\n\t\t\t\t\t<\/div>\n\t\t\t\t<\/div>\n\t\t<div class=\"elementor-element elementor-element-993a5ad e-flex e-con-boxed e-con e-parent\" data-id=\"993a5ad\" data-element_type=\"container\" data-e-type=\"container\">\n\t\t\t\t\t<div class=\"e-con-inner\">\n\t\t\t\t<div class=\"elementor-element elementor-element-8d3e43f elementor-widget elementor-widget-spacer\" data-id=\"8d3e43f\" data-element_type=\"widget\" data-e-type=\"widget\" data-widget_type=\"spacer.default\">\n\t\t\t\t\t\t\t<div class=\"elementor-spacer\">\n\t\t\t<div class=\"elementor-spacer-inner\"><\/div>\n\t\t<\/div>\n\t\t\t\t\t\t<\/div>\n\t\t\t\t\t<\/div>\n\t\t\t\t<\/div>\n\t\t<div class=\"elementor-element elementor-element-31905ef e-flex e-con-boxed e-con e-parent\" data-id=\"31905ef\" data-element_type=\"container\" data-e-type=\"container\" data-settings=\"{&quot;background_background&quot;:&quot;classic&quot;}\">\n\t\t\t\t\t<div class=\"e-con-inner\">\n\t\t\t\t<div class=\"elementor-element elementor-element-7684565 elementor-widget elementor-widget-theme-site-logo elementor-widget-image\" data-id=\"7684565\" data-element_type=\"widget\" data-e-type=\"widget\" data-widget_type=\"theme-site-logo.default\">\n\t\t\t\t\t\t\t\t\t\t\t<a href=\"https:\/\/elianbiotech.com\/en\">\n\t\t\t<img fetchpriority=\"high\" decoding=\"async\" width=\"2244\" height=\"2244\" src=\"https:\/\/elianbiotech.com\/wp-content\/uploads\/2026\/03\/cropped-Logotipo.webp\" class=\"attachment-full size-full wp-image-29\" alt=\"\" srcset=\"https:\/\/elianbiotech.com\/wp-content\/uploads\/2026\/03\/cropped-Logotipo.webp 2244w, https:\/\/elianbiotech.com\/wp-content\/uploads\/2026\/03\/cropped-Logotipo-300x300.webp 300w, https:\/\/elianbiotech.com\/wp-content\/uploads\/2026\/03\/cropped-Logotipo-1024x1024.webp 1024w, https:\/\/elianbiotech.com\/wp-content\/uploads\/2026\/03\/cropped-Logotipo-150x150.webp 150w, https:\/\/elianbiotech.com\/wp-content\/uploads\/2026\/03\/cropped-Logotipo-768x768.webp 768w, https:\/\/elianbiotech.com\/wp-content\/uploads\/2026\/03\/cropped-Logotipo-1536x1536.webp 1536w, https:\/\/elianbiotech.com\/wp-content\/uploads\/2026\/03\/cropped-Logotipo-2048x2048.webp 2048w\" sizes=\"(max-width: 2244px) 100vw, 2244px\" \/>\t\t\t\t<\/a>\n\t\t\t\t\t\t\t\t\t\t\t<\/div>\n\t\t\t\t<div class=\"elementor-element elementor-element-89c4b4e elementor-widget-divider--view-line elementor-widget elementor-widget-divider\" data-id=\"89c4b4e\" data-element_type=\"widget\" data-e-type=\"widget\" data-widget_type=\"divider.default\">\n\t\t\t\t\t\t\t<div class=\"elementor-divider\">\n\t\t\t<span class=\"elementor-divider-separator\">\n\t\t\t\t\t\t<\/span>\n\t\t<\/div>\n\t\t\t\t\t\t<\/div>\n\t\t\t\t<div class=\"elementor-element elementor-element-981bcb2 elementor-widget elementor-widget-text-editor\" data-id=\"981bcb2\" data-element_type=\"widget\" data-e-type=\"widget\" data-widget_type=\"text-editor.default\">\n\t\t\t\t\t\t\t\t\t<p data-path-to-node=\"5\">En <span style=\"color: #2d5a51;\"><b data-path-to-node=\"5\" data-index-in-node=\"3\">Elian Biotech SL<\/b><\/span>, no nos consideramos simples distribuidores de ingredientes. Somos el aliado tecnol\u00f3gico de la industria l\u00e1ctea en Espa\u00f1a. Entendemos que en la elaboraci\u00f3n de un queso o un yogur, la diferencia entre un producto correcto y uno excelente reside en la <span style=\"color: #2d5a51;\"><b data-path-to-node=\"5\" data-index-in-node=\"270\">microbiolog\u00eda de precisi\u00f3n<\/b><\/span>.<\/p><p data-path-to-node=\"6\">Nuestra misi\u00f3n es clara: dotar a las industrias l\u00e1cteas y queser\u00edas artesanas de nuestro pa\u00eds de las herramientas biotecnol\u00f3gicas necesarias para optimizar sus procesos, garantizar su seguridad alimentaria y, sobre todo, potenciar el perfil sensorial de sus productos.<\/p>\t\t\t\t\t\t\t\t<\/div>\n\t\t\t\t\t<\/div>\n\t\t\t\t<\/div>\n\t\t<div class=\"elementor-element elementor-element-d0062f7 e-flex e-con-boxed e-con e-parent\" data-id=\"d0062f7\" data-element_type=\"container\" data-e-type=\"container\">\n\t\t\t\t\t<div class=\"e-con-inner\">\n\t\t\t\t<div class=\"elementor-element elementor-element-d2818da elementor-widget elementor-widget-spacer\" data-id=\"d2818da\" data-element_type=\"widget\" data-e-type=\"widget\" data-widget_type=\"spacer.default\">\n\t\t\t\t\t\t\t<div class=\"elementor-spacer\">\n\t\t\t<div class=\"elementor-spacer-inner\"><\/div>\n\t\t<\/div>\n\t\t\t\t\t\t<\/div>\n\t\t\t\t\t<\/div>\n\t\t\t\t<\/div>\n\t\t<div class=\"elementor-element elementor-element-56dde79 e-flex e-con-boxed e-con e-parent\" data-id=\"56dde79\" data-element_type=\"container\" data-e-type=\"container\">\n\t\t\t\t\t<div class=\"e-con-inner\">\n\t\t\t\t<div class=\"elementor-element elementor-element-800d52f elementor-widget elementor-widget-text-editor\" data-id=\"800d52f\" data-element_type=\"widget\" data-e-type=\"widget\" data-widget_type=\"text-editor.default\">\n\t\t\t\t\t\t\t\t\t<p>Alianza Estrat\u00e9gica<\/p>\t\t\t\t\t\t\t\t<\/div>\n\t\t\t\t<div class=\"elementor-element elementor-element-39483c2 elementor-widget elementor-widget-heading\" data-id=\"39483c2\" data-element_type=\"widget\" data-e-type=\"widget\" data-widget_type=\"heading.default\">\n\t\t\t\t\t<h3 class=\"elementor-heading-title elementor-size-default\">Elian Biotech + Igea Cultures<\/h3>\t\t\t\t<\/div>\n\t\t\t\t\t<\/div>\n\t\t\t\t<\/div>\n\t\t<div class=\"elementor-element elementor-element-a37cba7 e-flex e-con-boxed e-con e-parent\" data-id=\"a37cba7\" data-element_type=\"container\" data-e-type=\"container\">\n\t\t\t\t\t<div class=\"e-con-inner\">\n\t\t\t\t<div class=\"elementor-element elementor-element-049dca0 elementor-widget__width-initial elementor-widget elementor-widget-image\" data-id=\"049dca0\" data-element_type=\"widget\" data-e-type=\"widget\" data-widget_type=\"image.default\">\n\t\t\t\t\t\t\t\t\t\t\t\t\t\t\t<img decoding=\"async\" width=\"800\" height=\"445\" src=\"https:\/\/elianbiotech.com\/wp-content\/uploads\/2026\/04\/home3-1024x569.webp\" class=\"attachment-large size-large wp-image-89\" alt=\"\" srcset=\"https:\/\/elianbiotech.com\/wp-content\/uploads\/2026\/04\/home3-1024x569.webp 1024w, https:\/\/elianbiotech.com\/wp-content\/uploads\/2026\/04\/home3-300x167.webp 300w, https:\/\/elianbiotech.com\/wp-content\/uploads\/2026\/04\/home3-768x427.webp 768w, https:\/\/elianbiotech.com\/wp-content\/uploads\/2026\/04\/home3-1536x854.webp 1536w, https:\/\/elianbiotech.com\/wp-content\/uploads\/2026\/04\/home3-2048x1139.webp 2048w\" sizes=\"(max-width: 800px) 100vw, 800px\" \/>\t\t\t\t\t\t\t\t\t\t\t\t\t\t\t<\/div>\n\t\t\t\t<div class=\"elementor-element elementor-element-2de1e67 elementor-widget elementor-widget-text-editor\" data-id=\"2de1e67\" data-element_type=\"widget\" data-e-type=\"widget\" data-widget_type=\"text-editor.default\">\n\t\t\t\t\t\t\t\t\t<p><b data-path-to-node=\"10\" data-index-in-node=\"0\">Vanguardia Italiana, Soporte Local.<\/b> Somos los <b data-path-to-node=\"10\" data-index-in-node=\"46\">distribuidores exclusivos de Igea Cultures<\/b> en el mercado espa\u00f1ol. Igea no es solo un fabricante; es uno de los centros de investigaci\u00f3n microbiol\u00f3gica m\u00e1s avanzados de Italia, especializado en el aislamiento y caracterizaci\u00f3n de cepas l\u00e1cticas de alta pureza.<\/p><p><i data-path-to-node=\"16,0,0\" data-index-in-node=\"70\">\u00a0Innovaci\u00f3n y Distribuidor Igea Cultures Espa\u00f1a<\/i><\/p>\t\t\t\t\t\t\t\t<\/div>\n\t\t\t\t<div class=\"elementor-element elementor-element-df2cb1c elementor-widget elementor-widget-image\" data-id=\"df2cb1c\" data-element_type=\"widget\" data-e-type=\"widget\" data-widget_type=\"image.default\">\n\t\t\t\t\t\t\t\t\t\t\t\t\t\t\t\t<a href=\"https:\/\/www.igeacultures.com\/?lang=es\" target=\"_blank\" rel=\"noopener\">\n\t\t\t\t\t\t\t<img decoding=\"async\" width=\"800\" height=\"297\" src=\"https:\/\/elianbiotech.com\/wp-content\/uploads\/2026\/04\/logo_IGEA_WEB-1-1-copia.webp\" class=\"attachment-large size-large wp-image-73\" alt=\"\" srcset=\"https:\/\/elianbiotech.com\/wp-content\/uploads\/2026\/04\/logo_IGEA_WEB-1-1-copia.webp 904w, https:\/\/elianbiotech.com\/wp-content\/uploads\/2026\/04\/logo_IGEA_WEB-1-1-copia-300x112.webp 300w, https:\/\/elianbiotech.com\/wp-content\/uploads\/2026\/04\/logo_IGEA_WEB-1-1-copia-768x285.webp 768w\" sizes=\"(max-width: 800px) 100vw, 800px\" \/>\t\t\t\t\t\t\t\t<\/a>\n\t\t\t\t\t\t\t\t\t\t\t\t\t\t\t<\/div>\n\t\t\t\t\t<\/div>\n\t\t\t\t<\/div>\n\t\t<div class=\"elementor-element elementor-element-c9f7a99 e-flex e-con-boxed e-con e-parent\" data-id=\"c9f7a99\" data-element_type=\"container\" data-e-type=\"container\">\n\t\t\t\t\t<div class=\"e-con-inner\">\n\t\t\t\t<div class=\"elementor-element elementor-element-c0abe04 elementor-widget elementor-widget-spacer\" data-id=\"c0abe04\" data-element_type=\"widget\" data-e-type=\"widget\" data-widget_type=\"spacer.default\">\n\t\t\t\t\t\t\t<div class=\"elementor-spacer\">\n\t\t\t<div class=\"elementor-spacer-inner\"><\/div>\n\t\t<\/div>\n\t\t\t\t\t\t<\/div>\n\t\t\t\t\t<\/div>\n\t\t\t\t<\/div>\n\t\t\t\t<\/div>","protected":false},"excerpt":{"rendered":"<p>Innovaci\u00f3n y Distribuidor Igea Cultures Espa\u00f1a El Nexo entre la Ciencia Italiana y la Tradici\u00f3n L\u00e1ctea Espa\u00f1ola. En Elian Biotech SL, no nos consideramos simples distribuidores de ingredientes. Somos el aliado tecnol\u00f3gico de la industria l\u00e1ctea en Espa\u00f1a. Entendemos que en la elaboraci\u00f3n de un queso o un yogur, la diferencia entre un producto correcto [&hellip;]<\/p>\n","protected":false},"author":1,"featured_media":0,"parent":0,"menu_order":0,"comment_status":"closed","ping_status":"closed","template":"","meta":{"footnotes":""},"class_list":["post-19","page","type-page","status-publish","hentry"],"_links":{"self":[{"href":"https:\/\/elianbiotech.com\/en\/wp-json\/wp\/v2\/pages\/19","targetHints":{"allow":["GET"]}}],"collection":[{"href":"https:\/\/elianbiotech.com\/en\/wp-json\/wp\/v2\/pages"}],"about":[{"href":"https:\/\/elianbiotech.com\/en\/wp-json\/wp\/v2\/types\/page"}],"author":[{"embeddable":true,"href":"https:\/\/elianbiotech.com\/en\/wp-json\/wp\/v2\/users\/1"}],"replies":[{"embeddable":true,"href":"https:\/\/elianbiotech.com\/en\/wp-json\/wp\/v2\/comments?post=19"}],"version-history":[{"count":18,"href":"https:\/\/elianbiotech.com\/en\/wp-json\/wp\/v2\/pages\/19\/revisions"}],"predecessor-version":[{"id":151,"href":"https:\/\/elianbiotech.com\/en\/wp-json\/wp\/v2\/pages\/19\/revisions\/151"}],"wp:attachment":[{"href":"https:\/\/elianbiotech.com\/en\/wp-json\/wp\/v2\/media?parent=19"}],"curies":[{"name":"wp","href":"https:\/\/api.w.org\/{rel}","templated":true}]}}